{"id":1076,"date":"2020-10-11T16:19:13","date_gmt":"2020-10-11T16:19:13","guid":{"rendered":"https:\/\/gesundheitspraxis-zurbuchen.jb-2.ch\/?page_id=1076"},"modified":"2024-10-27T20:17:42","modified_gmt":"2024-10-27T20:17:42","slug":"klassische-massage","status":"publish","type":"page","link":"https:\/\/gesundheitspraxis-zurbuchen.ch\/index.php\/klassische-massage\/","title":{"rendered":"Klassische Massage"},"content":{"rendered":"<div class=\"fusion-fullwidth fullwidth-box fusion-builder-row-1 fusion-flex-container nonhundred-percent-fullwidth non-hundred-percent-height-scrolling\" style=\"background-color: rgba(255,255,255,0);background-position: center center;background-repeat: no-repeat;border-width: 0px 0px 0px 0px;border-color:#eae9e9;border-style:solid;\" ><div class=\"fusion-builder-row fusion-row fusion-flex-align-items-flex-start\" style=\"max-width:1216.8px;margin-left: calc(-4% \/ 2 );margin-right: calc(-4% \/ 2 );\"><div class=\"fusion-layout-column fusion_builder_column fusion-builder-column-0 fusion_builder_column_2_3 2_3 fusion-flex-column\"><div class=\"fusion-column-wrapper fusion-flex-justify-content-flex-start fusion-content-layout-column\" style=\"background-position:left top;background-repeat:no-repeat;-webkit-background-size:cover;-moz-background-size:cover;-o-background-size:cover;background-size:cover;padding: 0px 0px 0px 0px;\"><div class=\"fusion-text fusion-text-1\"><h1 class=\"fusion-responsive-typography-calculated\" style=\"--fontsize: 42; line-height: 1;\" data-fontsize=\"42\" data-lineheight=\"42px\">Klassische Massage<\/h1>\n<p>Die Massage als wahrscheinlich \u00e4lteste Heilkunst der Erde, gilt auch als Urform der Behandlung verschiedenster Erkrankungen. Jeder von uns hat sie bereits oftmals eingesetzt, ohne dabei speziell an Massage zu denken: Schmerzhafte K\u00f6rperbereiche werden intuitiv gedr\u00fcckt oder mit der Hand gestrichen. Heute hat die Massage ihren festen Platz in der Medizin und dient sowohl als Pr\u00e4vention als auch der Therapie verschiedenster Erkrankungen.<\/p>\n<p>Die klassische Massage ist eine einfache, schnelle und genussvolle Methode, um unser k\u00f6rperliches uns seelisches Wohlbefinden zu steigern.<\/p>\n<\/div><div class=\"fusion-separator fusion-full-width-sep\" style=\"align-self: center;margin-left: auto;margin-right: auto;margin-top:10px;margin-bottom:30px;width:100%;\"><div class=\"fusion-separator-border sep-shadow\" style=\"background:radial-gradient(ellipse at 50% -50% , #09539f 0px, rgba(255, 255, 255, 0) 80%) repeat scroll 0 0 rgba(0, 0, 0, 0);background:-webkit-radial-gradient(ellipse at 50% -50% , #09539f 0px, rgba(255, 255, 255, 0) 80%) repeat scroll 0 0 rgba(0, 0, 0, 0);background:-moz-radial-gradient(ellipse at 50% -50% , #09539f 0px, rgba(255, 255, 255, 0) 80%) repeat scroll 0 0 rgba(0, 0, 0, 0);background:-o-radial-gradient(ellipse at 50% -50% , #09539f 0px, rgba(255, 255, 255, 0) 80%) repeat scroll 0 0 rgba(0, 0, 0, 0);\"><\/div><\/div><div class=\"fusion-text fusion-text-2\"><p>Die klassische Massage ist auch vorbeugend gegen viele Alltagsbeschwerden wie:<\/p>\n<ul>\n<li>Stress<\/li>\n<li>Einseitige Belastung<\/li>\n<li>Energiemangel<\/li>\n<li>Verspannungen<\/li>\n<li>Ersch\u00f6pfung<\/li>\n<li>Schlafst\u00f6rungen<\/li>\n<li>Cellulite<\/li>\n<li>Kopfschmerzen<\/li>\n<li>R\u00fcckenschmerzen<\/li>\n<li>etc.<\/li>\n<\/ul>\n<\/div><\/div><style type=\"text\/css\">.fusion-body .fusion-builder-column-0{width:66.666666666667% !important;margin-top : 20px;margin-bottom : 20px;}.fusion-builder-column-0 > .fusion-column-wrapper {padding-top : 0px !important;padding-right : 0px !important;margin-right : 2.88%;padding-bottom : 0px !important;padding-left : 0px !important;margin-left : 2.88%;}@media only screen and (max-width:1050px) {.fusion-body .fusion-builder-column-0{width:100% !important;order : 0;}.fusion-builder-column-0 > .fusion-column-wrapper {margin-right : 1.92%;margin-left : 1.92%;}}@media only screen and (max-width:640px) {.fusion-body .fusion-builder-column-0{width:100% !important;order : 0;}.fusion-builder-column-0 > .fusion-column-wrapper {margin-right : 1.92%;margin-left : 1.92%;}}<\/style><\/div><div class=\"fusion-layout-column fusion_builder_column fusion-builder-column-1 fusion_builder_column_1_3 1_3 fusion-flex-column\"><div class=\"fusion-column-wrapper fusion-flex-justify-content-flex-start fusion-content-layout-column\" style=\"background-position:left top;background-repeat:no-repeat;-webkit-background-size:cover;-moz-background-size:cover;-o-background-size:cover;background-size:cover;padding: 0px 0px 0px 0px;\"><div style=\"text-align:left;\"><style>.fusion-imageframe.imageframe-1{ margin-bottom : 10px;}<\/style><span class=\" fusion-imageframe imageframe-dropshadow imageframe-1 hover-type-none\" style=\"border-radius:5px;-webkit-box-shadow: 5px 5px 9px rgba(0,0,0,0.3);box-shadow: 5px 5px 9px rgba(0,0,0,0.3);\"><img width=\"400\" height=\"541\" title=\"massage\" src=\"https:\/\/gesundheitspraxis-zurbuchen.ch\/wp-content\/uploads\/2020\/09\/massage-400x541.jpg\" alt class=\"img-responsive wp-image-1099\" srcset=\"https:\/\/gesundheitspraxis-zurbuchen.ch\/wp-content\/uploads\/2020\/09\/massage-200x271.jpg 200w, https:\/\/gesundheitspraxis-zurbuchen.ch\/wp-content\/uploads\/2020\/09\/massage-400x541.jpg 400w, https:\/\/gesundheitspraxis-zurbuchen.ch\/wp-content\/uploads\/2020\/09\/massage-600x812.jpg 600w, https:\/\/gesundheitspraxis-zurbuchen.ch\/wp-content\/uploads\/2020\/09\/massage-800x1083.jpg 800w, https:\/\/gesundheitspraxis-zurbuchen.ch\/wp-content\/uploads\/2020\/09\/massage-1200x1624.jpg 1200w, https:\/\/gesundheitspraxis-zurbuchen.ch\/wp-content\/uploads\/2020\/09\/massage-scaled.jpg 1891w\" sizes=\"(max-width: 1050px) 100vw, (max-width: 640px) 100vw, 400px\" \/><\/span><\/div><style type=\"text\/css\">#accordion-1076-1 .fusion-panel:hover{ border-color: #b9afa1 } #accordion-1076-1 .fusion-panel { border-color:#b9afa1; }.fusion-accordian  #accordion-1076-1 .panel-title a .fa-fusion-box{ color: #ffffff;}.fusion-accordian  #accordion-1076-1 .panel-title a .fa-fusion-box:before{ font-size: 13px; width: 13px;}.fusion-accordian  #accordion-1076-1 .panel-title a{font-size:26px;color:#b9afa1;font-family:\"Libre Baskerville\";font-weight:400;}.fusion-accordian  #accordion-1076-1 .toggle-content{font-size:18px;color:#747474;font-family:\"Laila\";font-weight:400;}.fusion-accordian  #accordion-1076-1 .fa-fusion-box { background-color: #5576b4;border-color: #5576b4;}.fusion-accordian  #accordion-1076-1 .panel-title a:not(.active):hover, #accordion-1076-1 .fusion-toggle-boxed-mode:hover .panel-title a { color: #cacfe7;}.fusion-accordian  #accordion-1076-1 .panel-title .active .fa-fusion-box,.fusion-accordian  #accordion-1076-1 .panel-title a:not(.active):hover .fa-fusion-box { background-color: #cacfe7!important;border-color: #cacfe7!important;}<\/style><div class=\"accordian fusion-accordian\"><div class=\"panel-group\" id=\"accordion-1076-1\"><style type=\"text\/css\">.fusion-accordian  #accordion-1076-1 .panel-aebf5f56ae9fa2a81 .panel-title a{}.fusion-accordian  #accordion-1076-1 .panel-aebf5f56ae9fa2a81 .toggle-content{}<\/style><div class=\"fusion-panel panel-default panel-aebf5f56ae9fa2a81 fusion-toggle-no-divider\"><div class=\"panel-heading\"><h4 class=\"panel-title toggle\"><a aria-expanded=\"false\" aria-controls=\"aebf5f56ae9fa2a81\" role=\"button\" data-toggle=\"collapse\" data-parent=\"#accordion-1076-1\" data-target=\"#aebf5f56ae9fa2a81\" href=\"#aebf5f56ae9fa2a81\"><span class=\"fusion-toggle-icon-wrapper\" aria-hidden=\"true\"><i class=\"fa-fusion-box active-icon awb-icon-plus\" aria-hidden=\"true\"><\/i><i class=\"fa-fusion-box inactive-icon awb-icon-minus\" aria-hidden=\"true\"><\/i><\/span><span class=\"fusion-toggle-heading\">Preise<\/span><\/a><\/h4><\/div><div id=\"aebf5f56ae9fa2a81\" class=\"panel-collapse collapse \"><div class=\"panel-body toggle-content fusion-clearfix\">\n<p><b>R\u00fccken- und Nacken-Massage, inkl. Wickel<br \/>\n<\/b><span style=\"background-color: rgba(255, 255, 255, 0); color: var(--body_typography-color); font-family: var(--body_typography-font-family); font-size: var(--body_typography-font-size); font-style: var(--body_typography-font-style,normal); font-weight: var(--body_typography-font-weight); letter-spacing: var(--body_typography-letter-spacing);\">60 Minuten \/ Fr. 110.-<\/span><\/p>\n<p><b>Teilk\u00f6rpermassage<br \/>\n<\/b><span style=\"background-color: rgba(255, 255, 255, 0); color: var(--body_typography-color); font-family: var(--body_typography-font-family); font-size: var(--body_typography-font-size); font-style: var(--body_typography-font-style,normal); font-weight: var(--body_typography-font-weight); letter-spacing: var(--body_typography-letter-spacing);\">30 Minuten \/ Fr. 65.-<\/span><\/p>\n<p><b>Ganzk\u00f6rpermassage<br \/>\n<\/b><span style=\"background-color: rgba(255, 255, 255, 0); color: var(--body_typography-color); font-family: var(--body_typography-font-family); font-size: var(--body_typography-font-size); font-style: var(--body_typography-font-style,normal); font-weight: var(--body_typography-font-weight); letter-spacing: var(--body_typography-letter-spacing);\">60 Minuten \/ Fr. 120.-<br \/>\n<\/span><span style=\"background-color: rgba(255, 255, 255, 0); color: var(--body_typography-color); font-family: var(--body_typography-font-family); font-size: var(--body_typography-font-size); font-style: var(--body_typography-font-style,normal); font-weight: var(--body_typography-font-weight); letter-spacing: var(--body_typography-letter-spacing);\">75 Minuten \/ Fr. 135.-<\/span><\/p>\n<\/div><\/div><\/div><\/div><\/div><\/div><style type=\"text\/css\">.fusion-body .fusion-builder-column-1{width:33.333333333333% !important;margin-top : 20px;margin-bottom : 20px;}.fusion-builder-column-1 > .fusion-column-wrapper {padding-top : 0px !important;padding-right : 0px !important;margin-right : 5.76%;padding-bottom : 0px !important;padding-left : 0px !important;margin-left : 9.216%;}@media only screen and (max-width:1050px) {.fusion-body .fusion-builder-column-1{width:100% !important;order : 0;}.fusion-builder-column-1 > .fusion-column-wrapper {margin-right : 1.92%;margin-left : 1.92%;}}@media only screen and (max-width:640px) {.fusion-body .fusion-builder-column-1{width:100% !important;order : 0;}.fusion-builder-column-1 > .fusion-column-wrapper {margin-right : 1.92%;margin-left : 1.92%;}}<\/style><\/div><\/div><style type=\"text\/css\">.fusion-body .fusion-flex-container.fusion-builder-row-1{ padding-top : 0px;margin-top : 0px;padding-right : 0px;padding-bottom : 0px;margin-bottom : 0px;padding-left : 0px;}<\/style><\/div>\n","protected":false},"excerpt":{"rendered":"","protected":false},"author":1,"featured_media":0,"parent":0,"menu_order":0,"comment_status":"closed","ping_status":"closed","template":"","meta":[],"_links":{"self":[{"href":"https:\/\/gesundheitspraxis-zurbuchen.ch\/index.php\/wp-json\/wp\/v2\/pages\/1076"}],"collection":[{"href":"https:\/\/gesundheitspraxis-zurbuchen.ch\/index.php\/wp-json\/wp\/v2\/pages"}],"about":[{"href":"https:\/\/gesundheitspraxis-zurbuchen.ch\/index.php\/wp-json\/wp\/v2\/types\/page"}],"author":[{"embeddable":true,"href":"https:\/\/gesundheitspraxis-zurbuchen.ch\/index.php\/wp-json\/wp\/v2\/users\/1"}],"replies":[{"embeddable":true,"href":"https:\/\/gesundheitspraxis-zurbuchen.ch\/index.php\/wp-json\/wp\/v2\/comments?post=1076"}],"version-history":[{"count":18,"href":"https:\/\/gesundheitspraxis-zurbuchen.ch\/index.php\/wp-json\/wp\/v2\/pages\/1076\/revisions"}],"predecessor-version":[{"id":1326,"href":"https:\/\/gesundheitspraxis-zurbuchen.ch\/index.php\/wp-json\/wp\/v2\/pages\/1076\/revisions\/1326"}],"wp:attachment":[{"href":"https:\/\/gesundheitspraxis-zurbuchen.ch\/index.php\/wp-json\/wp\/v2\/media?parent=1076"}],"curies":[{"name":"wp","href":"https:\/\/api.w.org\/{rel}","templated":true}]}}