{"id":1115,"date":"2020-10-11T20:27:36","date_gmt":"2020-10-11T20:27:36","guid":{"rendered":"https:\/\/gesundheitspraxis-zurbuchen.jb-2.ch\/?page_id=1115"},"modified":"2020-11-08T09:48:58","modified_gmt":"2020-11-08T09:48:58","slug":"bioresonanz","status":"publish","type":"page","link":"https:\/\/gesundheitspraxis-zurbuchen.ch\/index.php\/bioresonanz\/","title":{"rendered":"Bioresonanz"},"content":{"rendered":"<div class=\"fusion-fullwidth fullwidth-box fusion-builder-row-1 fusion-flex-container nonhundred-percent-fullwidth non-hundred-percent-height-scrolling\" style=\"background-color: rgba(255,255,255,0);background-position: center center;background-repeat: no-repeat;border-width: 0px 0px 0px 0px;border-color:#eae9e9;border-style:solid;\" ><div class=\"fusion-builder-row fusion-row fusion-flex-align-items-flex-start\" style=\"max-width:1216.8px;margin-left: calc(-4% \/ 2 );margin-right: calc(-4% \/ 2 );\"><div class=\"fusion-layout-column fusion_builder_column fusion-builder-column-0 fusion_builder_column_2_3 2_3 fusion-flex-column\"><div class=\"fusion-column-wrapper fusion-flex-justify-content-flex-start fusion-content-layout-column\" style=\"background-position:left top;background-repeat:no-repeat;-webkit-background-size:cover;-moz-background-size:cover;-o-background-size:cover;background-size:cover;padding: 0px 0px 0px 0px;\"><div class=\"fusion-text fusion-text-1\"><h1 class=\"\" style=\"--fontsize: 42; line-height: 1;\" data-fontsize=\"42\" data-lineheight=\"42px\">Bioresonanz<\/h1>\n<p><b>Was ist Bioresonanz <\/b><\/p>\n<p>Die Bioresonanztherapie ist ein spezielles Diagnose- und Therapieverfahren, das sich seit \u00fcber 20 Jahren bei zigtausenden von Patienten bew\u00e4hrt hat. Diese Methode beruht auf der Annahme, dass die gesamte Wirklichkeit -physikalisch gesehen- aus Schwingungen besteht. Aus dieser Sicht hat in uns Menschen jedes Organ, jedes Gef\u00fchl und jeder Gedanke seine ganz spezifische Schwingung. Wenn jemand die gleiche <q>Wellenl\u00e4nge<\/q> hat, reagieren wir auf ein \u00e4hnliches Schwingungsmuster eines andern Menschen, d.h. wir gehen in Resonanz.<\/p>\n<p>Solange das Zusammenspiel der verschiedenen Schwingungsfelder optimal funktioniert, ist der Mensch gesund. Er kann auf unterschiedliche Reize und Belastungen ausgleichend reagieren. Erst wenn diese Selbstregulationskr\u00e4fte \u00fcberfordert sind, beginnt sich ein krankhafter Prozess zu entwickeln. Dann befinden sich im Organismus neben den gesunden auch lebenseinschr\u00e4nkende Frequenzmuster wie Krankheitserreger, entz\u00fcndetes Gewebe, negative Gef\u00fchle, destruktive Gedanken, etc.<\/p>\n<\/div><div class=\"fusion-separator fusion-full-width-sep\" style=\"align-self: center;margin-left: auto;margin-right: auto;margin-top:10px;margin-bottom:30px;width:100%;\"><div class=\"fusion-separator-border sep-shadow\" style=\"background:radial-gradient(ellipse at 50% -50% , #09539f 0px, rgba(255, 255, 255, 0) 80%) repeat scroll 0 0 rgba(0, 0, 0, 0);background:-webkit-radial-gradient(ellipse at 50% -50% , #09539f 0px, rgba(255, 255, 255, 0) 80%) repeat scroll 0 0 rgba(0, 0, 0, 0);background:-moz-radial-gradient(ellipse at 50% -50% , #09539f 0px, rgba(255, 255, 255, 0) 80%) repeat scroll 0 0 rgba(0, 0, 0, 0);background:-o-radial-gradient(ellipse at 50% -50% , #09539f 0px, rgba(255, 255, 255, 0) 80%) repeat scroll 0 0 rgba(0, 0, 0, 0);\"><\/div><\/div><div class=\"fusion-text fusion-text-2\"><p><b>Bioresonanz st\u00e4rkt die Selbstheilungskr\u00e4fte<\/b><\/p>\n<p>Bei der Therapie werden st\u00f6rende Schwingungen durch das Bioresonanzger\u00e4t  erfasst und in therapeutisch wirksame Frequenzmuster umgewandelt.  Dies hebt krank machende Schwingungen auf und aktiviert die Selbstheilungskr\u00e4fte des K\u00f6rpers. Die Bioresonanz hilft dem Organismus mit der Krankheit fertig zu werden, d.h. Giftstoffe und Krankheitserreger auszuleiten, seelische Konflikte zu verarbeiten und sch\u00e4digende Gedankenmuster zu ver\u00e4ndern. Im Fall einer Allergie, wird der K\u00f6rper erkennen k\u00f6nnen, was er bis jetzt falsch interpretiert hat. Nach abgeschlossener Therapie wird der Klient wieder f\u00e4hig sein, das Allergenprodukt zu konsumieren (Milch, Milchzucker, Gluten, Weizen, Zucker  etc.), ohne dass er zu leiden hat.<\/p>\n<ul>\n<\/ul>\n<\/div><div class=\"fusion-separator fusion-full-width-sep\" style=\"align-self: center;margin-left: auto;margin-right: auto;margin-top:10px;margin-bottom:30px;width:100%;\"><div class=\"fusion-separator-border sep-shadow\" style=\"background:radial-gradient(ellipse at 50% -50% , #09539f 0px, rgba(255, 255, 255, 0) 80%) repeat scroll 0 0 rgba(0, 0, 0, 0);background:-webkit-radial-gradient(ellipse at 50% -50% , #09539f 0px, rgba(255, 255, 255, 0) 80%) repeat scroll 0 0 rgba(0, 0, 0, 0);background:-moz-radial-gradient(ellipse at 50% -50% , #09539f 0px, rgba(255, 255, 255, 0) 80%) repeat scroll 0 0 rgba(0, 0, 0, 0);background:-o-radial-gradient(ellipse at 50% -50% , #09539f 0px, rgba(255, 255, 255, 0) 80%) repeat scroll 0 0 rgba(0, 0, 0, 0);\"><\/div><\/div><div class=\"fusion-text fusion-text-3\"><p><b>Wo hilft die Bioresonanztherapie?<\/b><\/p>\n<p>Die Bioresonanztherapie kann bei nahezu allen gesundheitlichen St\u00f6rungen eingesetzt werden: Es k\u00f6nnen damit akute Zust\u00e4nde, wie etwa Gelenk-Entz\u00fcndungen, Ischialgien und Verletzungen meist wesentlich gebessert werden. Vor allem aber bei chronischen Krankheitsprozessen kann diese Therapie zu einer tiefgreifenden Umstimmung des Organismus beitragen. Unter anderem werden folgende Bereiche aktiviert:<\/p>\n<ul>\n<li>St\u00e4rkung und Aufbau des Immunsystems<\/li>\n<li>Anregung des Lymphflusses<\/li>\n<li>Verbesserung der Stoffwechselprozesse (Entschlackung, Ents\u00e4uerung)<\/li>\n<li>Anregung der Organfunktionen<\/li>\n<li>Schnellere Regeneration nach Verletzungen<\/li>\n<\/ul>\n<p>Auch k\u00f6nnen gute Resultate bei folgenden Beschwerden erzielt werden:<\/p>\n<p>Asthma, Neurodermitis, Heuschnupfen, Nahrungsmittel-Allergien und Unvertr\u00e4glichkeiten, Schwermetallbelastungen, Migr\u00e4ne, rheumatische Beschwerden, Verdauungsst\u00f6rungen, Infektionsanf\u00e4lligkeit, Antriebslosigkeit, Schlafst\u00f6rungen&#8230;..<\/p>\n<p>Bioresonanztherapie kann bei allen Altersstufen, vom S\u00e4ugling bis zum betagten Menschen, angewandt werden. Dabei wird die schonende, medikamentenfreie und schmerzlose Behandlungsart von allen Klienten besonders gesch\u00e4tzt. Es treten keine sch\u00e4dlichen Nebenwirkungen auf, kleinere Reaktionen (auch unangenehme) sind m\u00f6glich, aber selten und meist nur von kurzer Dauer.<\/p>\n<\/div><div class=\"fusion-separator fusion-full-width-sep\" style=\"align-self: center;margin-left: auto;margin-right: auto;margin-top:10px;margin-bottom:30px;width:100%;\"><div class=\"fusion-separator-border sep-shadow\" style=\"background:radial-gradient(ellipse at 50% -50% , #09539f 0px, rgba(255, 255, 255, 0) 80%) repeat scroll 0 0 rgba(0, 0, 0, 0);background:-webkit-radial-gradient(ellipse at 50% -50% , #09539f 0px, rgba(255, 255, 255, 0) 80%) repeat scroll 0 0 rgba(0, 0, 0, 0);background:-moz-radial-gradient(ellipse at 50% -50% , #09539f 0px, rgba(255, 255, 255, 0) 80%) repeat scroll 0 0 rgba(0, 0, 0, 0);background:-o-radial-gradient(ellipse at 50% -50% , #09539f 0px, rgba(255, 255, 255, 0) 80%) repeat scroll 0 0 rgba(0, 0, 0, 0);\"><\/div><\/div><div class=\"fusion-text fusion-text-4\"><p>Weitere Informationen zur Therapieform finden Sie\u00a0<a href=\"http:\/\/www.regumed.ch\/\" target=\"_blank\" rel=\"noopener noreferrer\">hier<\/a>.<\/p>\n<\/div><\/div><style type=\"text\/css\">.fusion-body .fusion-builder-column-0{width:66.666666666667% !important;margin-top : 20px;margin-bottom : 20px;}.fusion-builder-column-0 > .fusion-column-wrapper {padding-top : 0px !important;padding-right : 0px !important;margin-right : 2.88%;padding-bottom : 0px !important;padding-left : 0px !important;margin-left : 2.88%;}@media only screen and (max-width:1050px) {.fusion-body .fusion-builder-column-0{width:100% !important;order : 0;}.fusion-builder-column-0 > .fusion-column-wrapper {margin-right : 1.92%;margin-left : 1.92%;}}@media only screen and (max-width:640px) {.fusion-body .fusion-builder-column-0{width:100% !important;order : 0;}.fusion-builder-column-0 > .fusion-column-wrapper {margin-right : 1.92%;margin-left : 1.92%;}}<\/style><\/div><div class=\"fusion-layout-column fusion_builder_column fusion-builder-column-1 fusion_builder_column_1_3 1_3 fusion-flex-column\"><div class=\"fusion-column-wrapper fusion-flex-justify-content-flex-start fusion-content-layout-column\" style=\"background-position:left top;background-repeat:no-repeat;-webkit-background-size:cover;-moz-background-size:cover;-o-background-size:cover;background-size:cover;padding: 0px 0px 0px 0px;\"><div style=\"text-align:left;\"><style>.fusion-imageframe.imageframe-1{ margin-bottom : 10px;}<\/style><span class=\" fusion-imageframe imageframe-dropshadow imageframe-1 hover-type-none\" style=\"border-radius:5px;-webkit-box-shadow: 5px 5px 9px rgba(0,0,0,0.3);box-shadow: 5px 5px 9px rgba(0,0,0,0.3);\"><img width=\"400\" height=\"460\" title=\"bioresonanz\" src=\"https:\/\/gesundheitspraxis-zurbuchen.ch\/wp-content\/uploads\/2020\/09\/bioresonanz-400x460.jpg\" alt class=\"img-responsive wp-image-1126\" srcset=\"https:\/\/gesundheitspraxis-zurbuchen.ch\/wp-content\/uploads\/2020\/09\/bioresonanz-200x230.jpg 200w, https:\/\/gesundheitspraxis-zurbuchen.ch\/wp-content\/uploads\/2020\/09\/bioresonanz-400x460.jpg 400w, https:\/\/gesundheitspraxis-zurbuchen.ch\/wp-content\/uploads\/2020\/09\/bioresonanz-600x690.jpg 600w, https:\/\/gesundheitspraxis-zurbuchen.ch\/wp-content\/uploads\/2020\/09\/bioresonanz-800x920.jpg 800w, https:\/\/gesundheitspraxis-zurbuchen.ch\/wp-content\/uploads\/2020\/09\/bioresonanz-1200x1379.jpg 1200w\" sizes=\"(max-width: 1050px) 100vw, (max-width: 640px) 100vw, 400px\" \/><\/span><\/div><style type=\"text\/css\">#accordion-1115-1 .fusion-panel:hover{ border-color: #b9afa1 } #accordion-1115-1 .fusion-panel { border-color:#b9afa1; }.fusion-accordian  #accordion-1115-1 .panel-title a .fa-fusion-box{ color: #ffffff;}.fusion-accordian  #accordion-1115-1 .panel-title a .fa-fusion-box:before{ font-size: 13px; width: 13px;}.fusion-accordian  #accordion-1115-1 .panel-title a{font-size:26px;color:#b9afa1;font-family:\"Libre Baskerville\";font-weight:400;}.fusion-accordian  #accordion-1115-1 .toggle-content{font-size:18px;color:#747474;font-family:\"Laila\";font-weight:400;}.fusion-accordian  #accordion-1115-1 .fa-fusion-box { background-color: #5576b4;border-color: #5576b4;}.fusion-accordian  #accordion-1115-1 .panel-title a:not(.active):hover, #accordion-1115-1 .fusion-toggle-boxed-mode:hover .panel-title a { color: #cacfe7;}.fusion-accordian  #accordion-1115-1 .panel-title .active .fa-fusion-box,.fusion-accordian  #accordion-1115-1 .panel-title a:not(.active):hover .fa-fusion-box { background-color: #cacfe7!important;border-color: #cacfe7!important;}<\/style><div class=\"accordian fusion-accordian\"><div class=\"panel-group\" id=\"accordion-1115-1\"><style type=\"text\/css\">.fusion-accordian  #accordion-1115-1 .panel-5f4ab5b31ca2c4f08 .panel-title a{}.fusion-accordian  #accordion-1115-1 .panel-5f4ab5b31ca2c4f08 .toggle-content{}<\/style><div class=\"fusion-panel panel-default panel-5f4ab5b31ca2c4f08 fusion-toggle-no-divider\"><div class=\"panel-heading\"><h4 class=\"panel-title toggle\"><a aria-expanded=\"false\" aria-controls=\"5f4ab5b31ca2c4f08\" role=\"button\" data-toggle=\"collapse\" data-parent=\"#accordion-1115-1\" data-target=\"#5f4ab5b31ca2c4f08\" href=\"#5f4ab5b31ca2c4f08\"><span class=\"fusion-toggle-icon-wrapper\" aria-hidden=\"true\"><i class=\"fa-fusion-box active-icon awb-icon-plus\" aria-hidden=\"true\"><\/i><i class=\"fa-fusion-box inactive-icon awb-icon-minus\" aria-hidden=\"true\"><\/i><\/span><span class=\"fusion-toggle-heading\">Preise<\/span><\/a><\/h4><\/div><div id=\"5f4ab5b31ca2c4f08\" class=\"panel-collapse collapse \"><div class=\"panel-body toggle-content fusion-clearfix\">\n<p><b>Bioresonanz<br \/><\/b><span style=\"background-color: rgba(255, 255, 255, 0); color: var(--body_typography-color); font-family: var(--body_typography-font-family); font-size: var(--body_typography-font-size); font-style: var(--body_typography-font-style,normal); font-weight: var(--body_typography-font-weight); letter-spacing: var(--body_typography-letter-spacing);\">nach Aufwand<br \/><\/span><span style=\"background-color: rgba(255, 255, 255, 0); color: var(--body_typography-color); font-family: var(--body_typography-font-family); font-size: var(--body_typography-font-size); font-style: var(--body_typography-font-style,normal); font-weight: var(--body_typography-font-weight); letter-spacing: var(--body_typography-letter-spacing);\">60 Minuten f\u00fcr Fr. 100.-<\/span><\/p>\n<\/div><\/div><\/div><\/div><\/div><\/div><style type=\"text\/css\">.fusion-body .fusion-builder-column-1{width:33.333333333333% !important;margin-top : 20px;margin-bottom : 20px;}.fusion-builder-column-1 > .fusion-column-wrapper {padding-top : 0px !important;padding-right : 0px !important;margin-right : 5.76%;padding-bottom : 0px !important;padding-left : 0px !important;margin-left : 9.216%;}@media only screen and (max-width:1050px) {.fusion-body .fusion-builder-column-1{width:100% !important;order : 0;}.fusion-builder-column-1 > .fusion-column-wrapper {margin-right : 1.92%;margin-left : 1.92%;}}@media only screen and (max-width:640px) {.fusion-body .fusion-builder-column-1{width:100% !important;order : 0;}.fusion-builder-column-1 > .fusion-column-wrapper {margin-right : 1.92%;margin-left : 1.92%;}}<\/style><\/div><\/div><style type=\"text\/css\">.fusion-body .fusion-flex-container.fusion-builder-row-1{ padding-top : 0px;margin-top : 0px;padding-right : 0px;padding-bottom : 0px;margin-bottom : 0px;padding-left : 0px;}<\/style><\/div>\n","protected":false},"excerpt":{"rendered":"","protected":false},"author":1,"featured_media":0,"parent":0,"menu_order":0,"comment_status":"closed","ping_status":"closed","template":"","meta":[],"_links":{"self":[{"href":"https:\/\/gesundheitspraxis-zurbuchen.ch\/index.php\/wp-json\/wp\/v2\/pages\/1115"}],"collection":[{"href":"https:\/\/gesundheitspraxis-zurbuchen.ch\/index.php\/wp-json\/wp\/v2\/pages"}],"about":[{"href":"https:\/\/gesundheitspraxis-zurbuchen.ch\/index.php\/wp-json\/wp\/v2\/types\/page"}],"author":[{"embeddable":true,"href":"https:\/\/gesundheitspraxis-zurbuchen.ch\/index.php\/wp-json\/wp\/v2\/users\/1"}],"replies":[{"embeddable":true,"href":"https:\/\/gesundheitspraxis-zurbuchen.ch\/index.php\/wp-json\/wp\/v2\/comments?post=1115"}],"version-history":[{"count":15,"href":"https:\/\/gesundheitspraxis-zurbuchen.ch\/index.php\/wp-json\/wp\/v2\/pages\/1115\/revisions"}],"predecessor-version":[{"id":1284,"href":"https:\/\/gesundheitspraxis-zurbuchen.ch\/index.php\/wp-json\/wp\/v2\/pages\/1115\/revisions\/1284"}],"wp:attachment":[{"href":"https:\/\/gesundheitspraxis-zurbuchen.ch\/index.php\/wp-json\/wp\/v2\/media?parent=1115"}],"curies":[{"name":"wp","href":"https:\/\/api.w.org\/{rel}","templated":true}]}}