{"id":1118,"date":"2020-10-11T20:28:31","date_gmt":"2020-10-11T20:28:31","guid":{"rendered":"https:\/\/gesundheitspraxis-zurbuchen.jb-2.ch\/?page_id=1118"},"modified":"2021-07-11T12:01:33","modified_gmt":"2021-07-11T12:01:33","slug":"craniosacral-therapie","status":"publish","type":"page","link":"https:\/\/gesundheitspraxis-zurbuchen.ch\/index.php\/craniosacral-therapie\/","title":{"rendered":"Craniosacral Therapie"},"content":{"rendered":"<div class=\"fusion-fullwidth fullwidth-box fusion-builder-row-1 fusion-flex-container nonhundred-percent-fullwidth non-hundred-percent-height-scrolling\" style=\"background-color: rgba(255,255,255,0);background-position: center center;background-repeat: no-repeat;border-width: 0px 0px 0px 0px;border-color:#eae9e9;border-style:solid;\" ><div class=\"fusion-builder-row fusion-row fusion-flex-align-items-flex-start\" style=\"max-width:1216.8px;margin-left: calc(-4% \/ 2 );margin-right: calc(-4% \/ 2 );\"><div class=\"fusion-layout-column fusion_builder_column fusion-builder-column-0 fusion_builder_column_2_3 2_3 fusion-flex-column\"><div class=\"fusion-column-wrapper fusion-flex-justify-content-flex-start fusion-content-layout-column\" style=\"background-position:left top;background-repeat:no-repeat;-webkit-background-size:cover;-moz-background-size:cover;-o-background-size:cover;background-size:cover;padding: 0px 0px 0px 0px;\"><div class=\"fusion-text fusion-text-1\"><h1 class=\"fusion-responsive-typography-calculated\" style=\"--fontsize: 42; line-height: 1;\" data-fontsize=\"42\" data-lineheight=\"42px\">Craniosacral Therapie<\/h1>\n<p><b>Was ist Craniosacral Therapie?<\/b><\/p>\n<p>Die Craniosacral Therapie ist eine K\u00f6rperarbeit, bei der mit gr\u00f6sster Sorgfalt, Achtsamkeit und Wertfreiheit der Pers\u00f6nlicheit der Klientin\/dem Klienten begegnet wird. Als Craniosacral Therapeutin unterst\u00fctze ich mit feinen manuellen Impulsen, welche eine Eigenregulierung des K\u00f6rpers einleiten, den Klienten\/die Klientin auf dem Weg zur Selbstheilung. Die Gesundheit im Menschen wird unterst\u00fctzt und Ressourcen werden gest\u00e4rkt, so dass positive Ver\u00e4nderungen stattfinden k\u00f6nnen.<\/p>\n<p>Diese Behandlungsform kann bei Menschen jeden Alters angewendet werden, sogar wenn diese in sehr schmerzvollem oder gebrechlichem Zustand sind.<\/p>\n<\/div><div class=\"fusion-separator fusion-full-width-sep\" style=\"align-self: center;margin-left: auto;margin-right: auto;margin-top:10px;margin-bottom:30px;width:100%;\"><div class=\"fusion-separator-border sep-shadow\" style=\"background:radial-gradient(ellipse at 50% -50% , #09539f 0px, rgba(255, 255, 255, 0) 80%) repeat scroll 0 0 rgba(0, 0, 0, 0);background:-webkit-radial-gradient(ellipse at 50% -50% , #09539f 0px, rgba(255, 255, 255, 0) 80%) repeat scroll 0 0 rgba(0, 0, 0, 0);background:-moz-radial-gradient(ellipse at 50% -50% , #09539f 0px, rgba(255, 255, 255, 0) 80%) repeat scroll 0 0 rgba(0, 0, 0, 0);background:-o-radial-gradient(ellipse at 50% -50% , #09539f 0px, rgba(255, 255, 255, 0) 80%) repeat scroll 0 0 rgba(0, 0, 0, 0);\"><\/div><\/div><div class=\"fusion-text fusion-text-2\"><p><b>Indikationen<\/b><\/p>\n<ul>\n<li>Unterst\u00fctzung in belastenden Lebenssituationen<\/li>\n<li>Rehabilitation nach Krankheit oder Unfall<\/li>\n<li>Schleuder-, Sturz- und Stauchtrauma<\/li>\n<li>Regulation f\u00fcr den Bewegungsapparat, die Organe, das Lymphsystem, das Hormonsystem, das vegetative und zentrale Nervensystem<\/li>\n<li>Schlafprobleme, Ersch\u00f6pfungszust\u00e4nde, depressive Verstimmungen<\/li>\n<li>stressbedingte Beschwerden, Burnout-Syndrom<\/li>\n<li>St\u00f6rung des Immunsystems<\/li>\n<li>Menstruationsbeschwerden<\/li>\n<li>Schwangerschafts- und Geburtsbegleitung<\/li>\n<li>Hyperaktivit\u00e4t von Kindern, Konzentrationsst\u00f6rungen und Lernschwierigkeiten<\/li>\n<\/ul>\n<ul>\n<\/ul>\n<\/div><div class=\"fusion-separator fusion-full-width-sep\" style=\"align-self: center;margin-left: auto;margin-right: auto;margin-top:10px;margin-bottom:30px;width:100%;\"><div class=\"fusion-separator-border sep-shadow\" style=\"background:radial-gradient(ellipse at 50% -50% , #09539f 0px, rgba(255, 255, 255, 0) 80%) repeat scroll 0 0 rgba(0, 0, 0, 0);background:-webkit-radial-gradient(ellipse at 50% -50% , #09539f 0px, rgba(255, 255, 255, 0) 80%) repeat scroll 0 0 rgba(0, 0, 0, 0);background:-moz-radial-gradient(ellipse at 50% -50% , #09539f 0px, rgba(255, 255, 255, 0) 80%) repeat scroll 0 0 rgba(0, 0, 0, 0);background:-o-radial-gradient(ellipse at 50% -50% , #09539f 0px, rgba(255, 255, 255, 0) 80%) repeat scroll 0 0 rgba(0, 0, 0, 0);\"><\/div><\/div><div class=\"fusion-text fusion-text-3\"><p><b>Begleitend zu \u00e4rztlicher Betreuung bei<\/b><\/p>\n<ul>\n<li>chronischen Schmerzzust\u00e4nden<\/li>\n<li>Verdauungsbeschwerden<\/li>\n<li>Kopfschmerzen und Migr\u00e4ne<\/li>\n<li>Sinusitis und Tinnitus<\/li>\n<li>orthop\u00e4dischen Problemen<\/li>\n<li>Wirbels\u00e4ulen-, Muskel- und Gelenkserkrankungen<\/li>\n<li>kieferorthop\u00e4dischen Problemen<\/li>\n<li>Asthma, Allergien und Hauterkrankungen<\/li>\n<li>Ver\u00e4nderungen im Bereich von Gehirn und R\u00fcckenmark<\/li>\n<li>psychosomatischen Beschwerden<\/li>\n<\/ul>\n<\/div><div class=\"fusion-separator fusion-full-width-sep\" style=\"align-self: center;margin-left: auto;margin-right: auto;margin-top:10px;margin-bottom:30px;width:100%;\"><div class=\"fusion-separator-border sep-shadow\" style=\"background:radial-gradient(ellipse at 50% -50% , #09539f 0px, rgba(255, 255, 255, 0) 80%) repeat scroll 0 0 rgba(0, 0, 0, 0);background:-webkit-radial-gradient(ellipse at 50% -50% , #09539f 0px, rgba(255, 255, 255, 0) 80%) repeat scroll 0 0 rgba(0, 0, 0, 0);background:-moz-radial-gradient(ellipse at 50% -50% , #09539f 0px, rgba(255, 255, 255, 0) 80%) repeat scroll 0 0 rgba(0, 0, 0, 0);background:-o-radial-gradient(ellipse at 50% -50% , #09539f 0px, rgba(255, 255, 255, 0) 80%) repeat scroll 0 0 rgba(0, 0, 0, 0);\"><\/div><\/div><div class=\"fusion-text fusion-text-4\"><p>Weitere Informationen zur Therapieform finden Sie <a href=\"https:\/\/www.craniosuisse.ch\/de\/p37000002.html\" target=\"_blank\" rel=\"noopener noreferrer\">hier<\/a>.<\/p>\n<\/div><\/div><style type=\"text\/css\">.fusion-body .fusion-builder-column-0{width:66.666666666667% !important;margin-top : 20px;margin-bottom : 20px;}.fusion-builder-column-0 > .fusion-column-wrapper {padding-top : 0px !important;padding-right : 0px !important;margin-right : 2.88%;padding-bottom : 0px !important;padding-left : 0px !important;margin-left : 2.88%;}@media only screen and (max-width:1050px) {.fusion-body .fusion-builder-column-0{width:100% !important;order : 0;}.fusion-builder-column-0 > .fusion-column-wrapper {margin-right : 1.92%;margin-left : 1.92%;}}@media only screen and (max-width:640px) {.fusion-body .fusion-builder-column-0{width:100% !important;order : 0;}.fusion-builder-column-0 > .fusion-column-wrapper {margin-right : 1.92%;margin-left : 1.92%;}}<\/style><\/div><div class=\"fusion-layout-column fusion_builder_column fusion-builder-column-1 fusion_builder_column_1_3 1_3 fusion-flex-column\"><div class=\"fusion-column-wrapper fusion-flex-justify-content-flex-start fusion-content-layout-column\" style=\"background-position:left top;background-repeat:no-repeat;-webkit-background-size:cover;-moz-background-size:cover;-o-background-size:cover;background-size:cover;padding: 0px 0px 0px 0px;\"><div style=\"text-align:left;\"><style>.fusion-imageframe.imageframe-1{ margin-bottom : 10px;}<\/style><span class=\" fusion-imageframe imageframe-dropshadow imageframe-1 hover-type-none\" style=\"border-radius:5px;-webkit-box-shadow: 5px 5px 9px rgba(0,0,0,0.3);box-shadow: 5px 5px 9px rgba(0,0,0,0.3);\"><img width=\"400\" height=\"466\" title=\"cranio\" src=\"https:\/\/gesundheitspraxis-zurbuchen.ch\/wp-content\/uploads\/2020\/09\/cranio-400x466.jpg\" alt class=\"img-responsive wp-image-1122\" srcset=\"https:\/\/gesundheitspraxis-zurbuchen.ch\/wp-content\/uploads\/2020\/09\/cranio-200x233.jpg 200w, https:\/\/gesundheitspraxis-zurbuchen.ch\/wp-content\/uploads\/2020\/09\/cranio-400x466.jpg 400w, https:\/\/gesundheitspraxis-zurbuchen.ch\/wp-content\/uploads\/2020\/09\/cranio-600x699.jpg 600w, https:\/\/gesundheitspraxis-zurbuchen.ch\/wp-content\/uploads\/2020\/09\/cranio-800x932.jpg 800w, https:\/\/gesundheitspraxis-zurbuchen.ch\/wp-content\/uploads\/2020\/09\/cranio-1200x1398.jpg 1200w\" sizes=\"(max-width: 1050px) 100vw, (max-width: 640px) 100vw, 400px\" \/><\/span><\/div><style type=\"text\/css\">#accordion-1118-1 .fusion-panel:hover{ border-color: #b9afa1 } #accordion-1118-1 .fusion-panel { border-color:#b9afa1; }.fusion-accordian  #accordion-1118-1 .panel-title a .fa-fusion-box{ color: #ffffff;}.fusion-accordian  #accordion-1118-1 .panel-title a .fa-fusion-box:before{ font-size: 13px; width: 13px;}.fusion-accordian  #accordion-1118-1 .panel-title a{font-size:26px;color:#b9afa1;font-family:\"Libre Baskerville\";font-weight:400;}.fusion-accordian  #accordion-1118-1 .toggle-content{font-size:18px;color:#747474;font-family:\"Laila\";font-weight:400;}.fusion-accordian  #accordion-1118-1 .fa-fusion-box { background-color: #5576b4;border-color: #5576b4;}.fusion-accordian  #accordion-1118-1 .panel-title a:not(.active):hover, #accordion-1118-1 .fusion-toggle-boxed-mode:hover .panel-title a { color: #cacfe7;}.fusion-accordian  #accordion-1118-1 .panel-title .active .fa-fusion-box,.fusion-accordian  #accordion-1118-1 .panel-title a:not(.active):hover .fa-fusion-box { background-color: #cacfe7!important;border-color: #cacfe7!important;}<\/style><div class=\"accordian fusion-accordian\"><div class=\"panel-group\" id=\"accordion-1118-1\"><style type=\"text\/css\">.fusion-accordian  #accordion-1118-1 .panel-b3c3cf31aeb9ebacc .panel-title a{}.fusion-accordian  #accordion-1118-1 .panel-b3c3cf31aeb9ebacc .toggle-content{}<\/style><div class=\"fusion-panel panel-default panel-b3c3cf31aeb9ebacc fusion-toggle-no-divider\"><div class=\"panel-heading\"><h4 class=\"panel-title toggle\"><a aria-expanded=\"false\" aria-controls=\"b3c3cf31aeb9ebacc\" role=\"button\" data-toggle=\"collapse\" data-parent=\"#accordion-1118-1\" data-target=\"#b3c3cf31aeb9ebacc\" href=\"#b3c3cf31aeb9ebacc\"><span class=\"fusion-toggle-icon-wrapper\" aria-hidden=\"true\"><i class=\"fa-fusion-box active-icon awb-icon-plus\" aria-hidden=\"true\"><\/i><i class=\"fa-fusion-box inactive-icon awb-icon-minus\" aria-hidden=\"true\"><\/i><\/span><span class=\"fusion-toggle-heading\">Preise<\/span><\/a><\/h4><\/div><div id=\"b3c3cf31aeb9ebacc\" class=\"panel-collapse collapse \"><div class=\"panel-body toggle-content fusion-clearfix\">\n<p><b>Craniosacral Therapie<br \/><\/b><span style=\"background-color: rgba(255, 255, 255, 0); color: var(--body_typography-color); font-family: var(--body_typography-font-family); font-size: var(--body_typography-font-size); font-style: var(--body_typography-font-style,normal); font-weight: var(--body_typography-font-weight); letter-spacing: var(--body_typography-letter-spacing);\">60 Minuten \/ Fr. 120.-<\/span><\/p>\n<\/div><\/div><\/div><\/div><\/div><div class=\"fusion-separator fusion-full-width-sep\" style=\"align-self: center;margin-left: auto;margin-right: auto;margin-top:10px;margin-bottom:30px;width:100%;\"><div class=\"fusion-separator-border sep-shadow\" style=\"background:radial-gradient(ellipse at 50% -50% , #09539f 0px, rgba(255, 255, 255, 0) 80%) repeat scroll 0 0 rgba(0, 0, 0, 0);background:-webkit-radial-gradient(ellipse at 50% -50% , #09539f 0px, rgba(255, 255, 255, 0) 80%) repeat scroll 0 0 rgba(0, 0, 0, 0);background:-moz-radial-gradient(ellipse at 50% -50% , #09539f 0px, rgba(255, 255, 255, 0) 80%) repeat scroll 0 0 rgba(0, 0, 0, 0);background:-o-radial-gradient(ellipse at 50% -50% , #09539f 0px, rgba(255, 255, 255, 0) 80%) repeat scroll 0 0 rgba(0, 0, 0, 0);\"><\/div><\/div><div class=\"fusion-text fusion-text-5\"><p>EMR-Krankenkassen anerkannt. Kl\u00e4ren Sie ab, ob Ihre Krankenkasse die Behandlung \u00fcbernimmt.<\/p>\n<\/div><\/div><style type=\"text\/css\">.fusion-body .fusion-builder-column-1{width:33.333333333333% !important;margin-top : 20px;margin-bottom : 20px;}.fusion-builder-column-1 > .fusion-column-wrapper {padding-top : 0px !important;padding-right : 0px !important;margin-right : 5.76%;padding-bottom : 0px !important;padding-left : 0px !important;margin-left : 9.216%;}@media only screen and (max-width:1050px) {.fusion-body .fusion-builder-column-1{width:100% !important;order : 0;}.fusion-builder-column-1 > .fusion-column-wrapper {margin-right : 1.92%;margin-left : 1.92%;}}@media only screen and (max-width:640px) {.fusion-body .fusion-builder-column-1{width:100% !important;order : 0;}.fusion-builder-column-1 > .fusion-column-wrapper {margin-right : 1.92%;margin-left : 1.92%;}}<\/style><\/div><\/div><style type=\"text\/css\">.fusion-body .fusion-flex-container.fusion-builder-row-1{ padding-top : 0px;margin-top : 0px;padding-right : 0px;padding-bottom : 0px;margin-bottom : 0px;padding-left : 0px;}<\/style><\/div>\n","protected":false},"excerpt":{"rendered":"","protected":false},"author":1,"featured_media":0,"parent":0,"menu_order":0,"comment_status":"closed","ping_status":"closed","template":"","meta":[],"_links":{"self":[{"href":"https:\/\/gesundheitspraxis-zurbuchen.ch\/index.php\/wp-json\/wp\/v2\/pages\/1118"}],"collection":[{"href":"https:\/\/gesundheitspraxis-zurbuchen.ch\/index.php\/wp-json\/wp\/v2\/pages"}],"about":[{"href":"https:\/\/gesundheitspraxis-zurbuchen.ch\/index.php\/wp-json\/wp\/v2\/types\/page"}],"author":[{"embeddable":true,"href":"https:\/\/gesundheitspraxis-zurbuchen.ch\/index.php\/wp-json\/wp\/v2\/users\/1"}],"replies":[{"embeddable":true,"href":"https:\/\/gesundheitspraxis-zurbuchen.ch\/index.php\/wp-json\/wp\/v2\/comments?post=1118"}],"version-history":[{"count":9,"href":"https:\/\/gesundheitspraxis-zurbuchen.ch\/index.php\/wp-json\/wp\/v2\/pages\/1118\/revisions"}],"predecessor-version":[{"id":1306,"href":"https:\/\/gesundheitspraxis-zurbuchen.ch\/index.php\/wp-json\/wp\/v2\/pages\/1118\/revisions\/1306"}],"wp:attachment":[{"href":"https:\/\/gesundheitspraxis-zurbuchen.ch\/index.php\/wp-json\/wp\/v2\/media?parent=1118"}],"curies":[{"name":"wp","href":"https:\/\/api.w.org\/{rel}","templated":true}]}}