{"id":1128,"date":"2020-10-11T20:50:40","date_gmt":"2020-10-11T20:50:40","guid":{"rendered":"https:\/\/gesundheitspraxis-zurbuchen.jb-2.ch\/?page_id=1128"},"modified":"2021-07-27T19:17:54","modified_gmt":"2021-07-27T19:17:54","slug":"angebot","status":"publish","type":"page","link":"https:\/\/gesundheitspraxis-zurbuchen.ch\/index.php\/angebot\/","title":{"rendered":"Angebot"},"content":{"rendered":"<div class=\"fusion-fullwidth fullwidth-box fusion-builder-row-1 fusion-flex-container nonhundred-percent-fullwidth non-hundred-percent-height-scrolling\" style=\"background-color: rgba(255,255,255,0);background-position: center center;background-repeat: no-repeat;border-width: 0px 0px 0px 0px;border-color:#eae9e9;border-style:solid;\" ><div class=\"fusion-builder-row fusion-row fusion-flex-align-items-flex-start\" style=\"max-width:1216.8px;margin-left: calc(-4% \/ 2 );margin-right: calc(-4% \/ 2 );\"><div class=\"fusion-layout-column fusion_builder_column fusion-builder-column-0 fusion_builder_column_1_1 1_1 fusion-flex-column\"><div class=\"fusion-column-wrapper fusion-flex-justify-content-flex-start fusion-content-layout-column\" style=\"background-position:left top;background-repeat:no-repeat;-webkit-background-size:cover;-moz-background-size:cover;-o-background-size:cover;background-size:cover;padding: 0px 0px 0px 0px;\"><div class=\"fusion-text fusion-text-1\"><h1>Angebot<\/h1>\n<\/div><div class=\"fusion-text fusion-text-2\"><p>F\u00fcr s\u00e4mtliche Behandlungen sind auch Gutscheine erh\u00e4ltlich.<\/p>\n<\/div><\/div><style type=\"text\/css\">.fusion-body .fusion-builder-column-0{width:100% !important;margin-top : 20px;margin-bottom : 20px;}.fusion-builder-column-0 > .fusion-column-wrapper {padding-top : 0px !important;padding-right : 0px !important;margin-right : 1.92%;padding-bottom : 0px !important;padding-left : 0px !important;margin-left : 1.92%;}@media only screen and (max-width:1050px) {.fusion-body .fusion-builder-column-0{width:100% !important;order : 0;}.fusion-builder-column-0 > .fusion-column-wrapper {margin-right : 1.92%;margin-left : 1.92%;}}@media only screen and (max-width:640px) {.fusion-body .fusion-builder-column-0{width:100% !important;order : 0;}.fusion-builder-column-0 > .fusion-column-wrapper {margin-right : 1.92%;margin-left : 1.92%;}}<\/style><\/div><div class=\"fusion-layout-column fusion_builder_column fusion-builder-column-1 fusion_builder_column_1_1 1_1 fusion-flex-column angebot\"><div class=\"fusion-column-wrapper fusion-flex-justify-content-flex-start fusion-content-layout-column\" style=\"background-position:left top;background-repeat:no-repeat;-webkit-background-size:cover;-moz-background-size:cover;-o-background-size:cover;background-size:cover;padding: 0px 0px 0px 0px;\"><div class=\"fusion-flip-boxes flip-boxes row fusion-columns-4 flip-effect-classic equal-heights\"><div class=\"fusion-flip-box-wrapper fusion-column col-lg-3 col-md-3 col-sm-3\"><div class=\"fusion-flip-box flip-up\" tabindex=\"0\"><div class=\"flip-box-inner-wrapper\"><div class=\"flip-box-front\" style=\"background-color:rgba(202,207,231,0.32);border-color:rgba(0,0,0,0);border-radius:4px;border-style:solid;border-width:1px;color:#5576b4;transition-duration:2.0s;background-image: url(&#039;https:\/\/gesundheitspraxis-zurbuchen.ch\/wp-content\/uploads\/2020\/09\/baby-880x1024.png&#039;);background-blend-mode: overlay;\"><div class=\"flip-box-front-inner\"><div class=\"flip-box-grafix flip-box-circle\" style=\"background-color:#5576b4;border-color:#5576b4;\"><i aria-hidden=\"true\" class=\"fa-baby fas\" style=\"color:#ffffff;\"><\/i><\/div><h2 class=\"flip-box-heading without-text\" style=\"color:#5576b4;\">Baby- und Kinderbehandlung<\/h2><\/div><\/div><div class=\"flip-box-back\" style=\"background-color:rgba(202,207,231,0.32);border-color:rgba(0,0,0,0);border-radius:4px;border-style:solid;border-width:1px;color:#5576b4;transition-duration:2.0s;\"><div class=\"flip-box-back-inner\">\n<p>Die Craniosacral Therapie kann sowohl dem Baby als auch dem Schulkind bei diversen Schwierigkeiten Unterst\u00fctzung bieten.<\/p>\n<p><a href=\"https:\/\/gesundheitspraxis-zurbuchen.ch\/index.php\/angebot\/baby-und-kinderbehandlung\/\">Zum Angebot<\/a><\/p>\n<\/div><\/div><\/div><\/div><\/div><div class=\"fusion-flip-box-wrapper fusion-column col-lg-3 col-md-3 col-sm-3\"><div class=\"fusion-flip-box flip-up\" tabindex=\"0\"><div class=\"flip-box-inner-wrapper\"><div class=\"flip-box-front\" style=\"background-color:rgba(202,207,231,0.32);border-color:rgba(0,0,0,0);border-radius:4px;border-style:solid;border-width:1px;color:#5576b4;transition-duration:2.0s;background-image: url(&#039;https:\/\/gesundheitspraxis-zurbuchen.ch\/wp-content\/uploads\/2020\/09\/cranio-scaled.jpg&#039;);background-blend-mode: overlay;\"><div class=\"flip-box-front-inner\"><div class=\"flip-box-grafix flip-box-circle\" style=\"background-color:#5576b4;border-color:#5576b4;\"><i aria-hidden=\"true\" class=\"fa-hands fas\" style=\"color:#ffffff;\"><\/i><\/div><h2 class=\"flip-box-heading without-text\" style=\"color:#5576b4;\">Craniosacral Therapie<\/h2><\/div><\/div><div class=\"flip-box-back\" style=\"background-color:rgba(202,207,231,0.32);border-color:rgba(0,0,0,0);border-radius:4px;border-style:solid;border-width:1px;color:#5576b4;transition-duration:2.0s;\"><div class=\"flip-box-back-inner\">\n<p>Die Craniosacral Therapie ist eine K\u00f6rperarbeit, bei welcher mit feinen Impulsen die Selbstheilungskr\u00e4fte des Klienten\/der Klientin aktiviert werden. Die Gesundheit im Menschen wird unterst\u00fctzt und Ressourcen werden gest\u00e4rkt.<\/p>\n<p><a href=\"https:\/\/gesundheitspraxis-zurbuchen.ch\/index.php\/craniosacral-therapie\/\">Zum Angebot<\/a><\/p>\n<\/div><\/div><\/div><\/div><\/div><div class=\"fusion-flip-box-wrapper fusion-column col-lg-3 col-md-3 col-sm-3\"><div class=\"fusion-flip-box flip-up\" tabindex=\"0\"><div class=\"flip-box-inner-wrapper\"><div class=\"flip-box-front\" style=\"background-color:rgba(202,207,231,0.32);border-color:rgba(0,0,0,0);border-radius:4px;border-style:solid;border-width:1px;color:#5576b4;transition-duration:2.0s;background-image: url(&#039;https:\/\/gesundheitspraxis-zurbuchen.ch\/wp-content\/uploads\/2020\/09\/massage-scaled.jpg&#039;);background-blend-mode: overlay;\"><div class=\"flip-box-front-inner\"><div class=\"flip-box-grafix flip-box-circle\" style=\"background-color:#5576b4;border-color:#5576b4;\"><i aria-hidden=\"true\" class=\"fa-hand-holding-water fas\" style=\"color:#ffffff;\"><\/i><\/div><h2 class=\"flip-box-heading without-text\" style=\"color:#5576b4;\">Klassische Massage<\/h2><\/div><\/div><div class=\"flip-box-back\" style=\"background-color:rgba(202,207,231,0.32);border-color:rgba(0,0,0,0);border-radius:4px;border-style:solid;border-width:1px;color:#5576b4;transition-duration:2.0s;\"><div class=\"flip-box-back-inner\">\n<p>Die Massage als wahrscheinlich \u00e4lteste Heilkunst der Erde, gilt auch als Urform der Behandlung verschiedenster Erkrankungen.<\/p>\n<p><a href=\"https:\/\/gesundheitspraxis-zurbuchen.ch\/index.php\/klassische-massage\/\">Zum Angebot<\/a><\/p>\n<\/div><\/div><\/div><\/div><\/div><div class=\"fusion-flip-box-wrapper fusion-column col-lg-3 col-md-3 col-sm-3\"><div class=\"fusion-flip-box flip-up\" tabindex=\"0\"><div class=\"flip-box-inner-wrapper\"><div class=\"flip-box-front\" style=\"background-color:rgba(202,207,231,0.32);border-color:rgba(0,0,0,0);border-radius:4px;border-style:solid;border-width:1px;color:#5576b4;transition-duration:2.0s;background-image: url(&#039;https:\/\/gesundheitspraxis-zurbuchen.ch\/wp-content\/uploads\/2020\/09\/bioresonanz-scaled.jpg&#039;);background-blend-mode: overlay;\"><div class=\"flip-box-front-inner\"><div class=\"flip-box-grafix flip-box-circle\" style=\"background-color:#5576b4;border-color:#5576b4;\"><i aria-hidden=\"true\" class=\"fa-bacon fas\" style=\"color:#ffffff;\"><\/i><\/div><h2 class=\"flip-box-heading without-text\" style=\"color:#5576b4;\">Bioresonanz<\/h2><\/div><\/div><div class=\"flip-box-back\" style=\"background-color:rgba(202,207,231,0.32);border-color:rgba(0,0,0,0);border-radius:4px;border-style:solid;border-width:1px;color:#5576b4;transition-duration:2.0s;\"><div class=\"flip-box-back-inner\">\n<p>Die Bioresonanztherapie ist ein spezielles Diagnose- und Therapieverfahren, das sich seit \u00fcber 20 Jahren bei zigtausenden von Patienten bew\u00e4hrt hat. Diese Methode beruht auf der Annahme, dass die gesamte Wirklichkeit -physikalisch gesehen- aus Schwingungen besteht.<\/p>\n<p><a href=\"https:\/\/gesundheitspraxis-zurbuchen.ch\/index.php\/bioresonanz\/\">Zum Angebot<\/a><\/p>\n<\/div><\/div><\/div><\/div><\/div><\/div><\/div><style type=\"text\/css\">.fusion-body .fusion-builder-column-1{width:100% !important;margin-top : 20px;margin-bottom : 20px;}.fusion-builder-column-1 > .fusion-column-wrapper {padding-top : 0px !important;padding-right : 0px !important;margin-right : 0%;padding-bottom : 0px !important;padding-left : 0px !important;margin-left : 0%;}@media only screen and (max-width:1050px) {.fusion-body .fusion-builder-column-1{width:100% !important;order : 0;}.fusion-builder-column-1 > .fusion-column-wrapper {margin-right : 1.92%;margin-left : 1.92%;}}@media only screen and (max-width:640px) {.fusion-body .fusion-builder-column-1{width:100% !important;order : 0;}.fusion-builder-column-1 > .fusion-column-wrapper {margin-right : 1.92%;margin-left : 1.92%;}}<\/style><\/div>\n<\/div><style type=\"text\/css\">.fusion-body .fusion-flex-container.fusion-builder-row-1{ padding-top : 0px;margin-top : 0px;padding-right : 0px;padding-bottom : 0px;margin-bottom : 0px;padding-left : 0px;}<\/style><\/div>\n","protected":false},"excerpt":{"rendered":"","protected":false},"author":1,"featured_media":0,"parent":0,"menu_order":0,"comment_status":"closed","ping_status":"closed","template":"","meta":[],"_links":{"self":[{"href":"https:\/\/gesundheitspraxis-zurbuchen.ch\/index.php\/wp-json\/wp\/v2\/pages\/1128"}],"collection":[{"href":"https:\/\/gesundheitspraxis-zurbuchen.ch\/index.php\/wp-json\/wp\/v2\/pages"}],"about":[{"href":"https:\/\/gesundheitspraxis-zurbuchen.ch\/index.php\/wp-json\/wp\/v2\/types\/page"}],"author":[{"embeddable":true,"href":"https:\/\/gesundheitspraxis-zurbuchen.ch\/index.php\/wp-json\/wp\/v2\/users\/1"}],"replies":[{"embeddable":true,"href":"https:\/\/gesundheitspraxis-zurbuchen.ch\/index.php\/wp-json\/wp\/v2\/comments?post=1128"}],"version-history":[{"count":15,"href":"https:\/\/gesundheitspraxis-zurbuchen.ch\/index.php\/wp-json\/wp\/v2\/pages\/1128\/revisions"}],"predecessor-version":[{"id":1311,"href":"https:\/\/gesundheitspraxis-zurbuchen.ch\/index.php\/wp-json\/wp\/v2\/pages\/1128\/revisions\/1311"}],"wp:attachment":[{"href":"https:\/\/gesundheitspraxis-zurbuchen.ch\/index.php\/wp-json\/wp\/v2\/media?parent=1128"}],"curies":[{"name":"wp","href":"https:\/\/api.w.org\/{rel}","templated":true}]}}