{"id":1294,"date":"2021-07-11T11:11:00","date_gmt":"2021-07-11T11:11:00","guid":{"rendered":"https:\/\/gesundheitspraxis-zurbuchen.ch\/?page_id=1294"},"modified":"2021-07-11T12:02:45","modified_gmt":"2021-07-11T12:02:45","slug":"baby-und-kinderbehandlung","status":"publish","type":"page","link":"https:\/\/gesundheitspraxis-zurbuchen.ch\/index.php\/angebot\/baby-und-kinderbehandlung\/","title":{"rendered":"Baby- und Kinderbehandlung"},"content":{"rendered":"<div class=\"fusion-fullwidth fullwidth-box fusion-builder-row-1 fusion-flex-container nonhundred-percent-fullwidth non-hundred-percent-height-scrolling\" style=\"background-color: rgba(255,255,255,0);background-position: center center;background-repeat: no-repeat;border-width: 0px 0px 0px 0px;border-color:#eae9e9;border-style:solid;\" ><div class=\"fusion-builder-row fusion-row fusion-flex-align-items-flex-start\" style=\"max-width:1216.8px;margin-left: calc(-4% \/ 2 );margin-right: calc(-4% \/ 2 );\"><div class=\"fusion-layout-column fusion_builder_column fusion-builder-column-0 fusion_builder_column_2_3 2_3 fusion-flex-column\"><div class=\"fusion-column-wrapper fusion-flex-justify-content-flex-start fusion-content-layout-column\" style=\"background-position:left top;background-repeat:no-repeat;-webkit-background-size:cover;-moz-background-size:cover;-o-background-size:cover;background-size:cover;padding: 0px 0px 0px 0px;\"><div class=\"fusion-text fusion-text-1\"><h1 class=\"fusion-responsive-typography-calculated\" style=\"--fontsize: 42; line-height: 1;\" data-fontsize=\"42\" data-lineheight=\"42px\">Baby- und Kinderbehandlung<\/h1>\n<p>Eine Schwangerschaft ist f\u00fcr jede Frau eine Herausforderung. Es geschehen viele Ver\u00e4nderungen im K\u00f6rper, damit das heranwachsende Kind optimal unterst\u00fctzt wird.<br \/>\nDie manuelle Unterst\u00fctzung mit der Craniosacral Therapie kann sowohl der Mutter als auch dem Kind helfen, sich optimal zu adaptieren. So wird diese besondere Zeit f\u00fcr alle Beteiligten eine positive Erfahrung. <\/p>\n<p>Ich sehe die Arbeit mit den Schwangeren als pr\u00e4ventive Arbeit. Es geht dabei darum, sowohl die Mutter als auch das Kind optimal auf die Geburt vorzubereiten. <\/p>\n<p>Nach der Geburt unterst\u00fctzt die Craniosacral Therapie die Mutter bei der R\u00fcckbildung und der Verarbeitung des eventuell traumatischen Erlebnisses. Dem Baby kann sie dabei helfen das Ereignis zu verarbeiten und den K\u00f6rper in ein Gleichgewicht zu bringen. <\/p>\n<p>Mit meinen Weiterbildungen f\u00fcr Schwangerschafts- und Kinderbehandlungen habe ich mein Wissen vertieft und m\u00f6chte Sie und Ihr Kind auf Ihrem gemeinsamen Weg optimal unterst\u00fctzen und begleiten.<\/p>\n<\/div><div class=\"fusion-separator fusion-full-width-sep\" style=\"align-self: center;margin-left: auto;margin-right: auto;margin-top:10px;margin-bottom:30px;width:100%;\"><div class=\"fusion-separator-border sep-shadow\" style=\"background:radial-gradient(ellipse at 50% -50% , #b9afa1 0px, rgba(255, 255, 255, 0) 80%) repeat scroll 0 0 rgba(0, 0, 0, 0);background:-webkit-radial-gradient(ellipse at 50% -50% , #b9afa1 0px, rgba(255, 255, 255, 0) 80%) repeat scroll 0 0 rgba(0, 0, 0, 0);background:-moz-radial-gradient(ellipse at 50% -50% , #b9afa1 0px, rgba(255, 255, 255, 0) 80%) repeat scroll 0 0 rgba(0, 0, 0, 0);background:-o-radial-gradient(ellipse at 50% -50% , #b9afa1 0px, rgba(255, 255, 255, 0) 80%) repeat scroll 0 0 rgba(0, 0, 0, 0);\"><\/div><\/div><div class=\"fusion-text fusion-text-2\"><p><b>Indikationen Mutter und Baby<\/b><\/p>\n<ul>\n<li>Schwangerschaftsbegleitung und Geburtsvorbereitung (R\u00fcckenschmerzen, Optimierung der Beckenfunktionen, emotionale Unterst\u00fctzung)<\/li>\n<li>Verarbeitung von Geburtstrauma<\/li>\n<li>Schreikinder (Trinkprobleme, Schlafprobleme, Bauchkr\u00e4mpfe)<\/li>\n<li>Schiefhals<\/li>\n<li>Unterst\u00fctzung bei der Behandlung von Sch\u00e4delasymmetrien<\/li>\n<li>Unklare Entwicklungsverz\u00f6gerungen<\/li>\n<\/ul>\n<\/div><div class=\"fusion-separator fusion-full-width-sep\" style=\"align-self: center;margin-left: auto;margin-right: auto;margin-top:10px;margin-bottom:30px;width:100%;\"><div class=\"fusion-separator-border sep-shadow\" style=\"background:radial-gradient(ellipse at 50% -50% , #b9afa1 0px, rgba(255, 255, 255, 0) 80%) repeat scroll 0 0 rgba(0, 0, 0, 0);background:-webkit-radial-gradient(ellipse at 50% -50% , #b9afa1 0px, rgba(255, 255, 255, 0) 80%) repeat scroll 0 0 rgba(0, 0, 0, 0);background:-moz-radial-gradient(ellipse at 50% -50% , #b9afa1 0px, rgba(255, 255, 255, 0) 80%) repeat scroll 0 0 rgba(0, 0, 0, 0);background:-o-radial-gradient(ellipse at 50% -50% , #b9afa1 0px, rgba(255, 255, 255, 0) 80%) repeat scroll 0 0 rgba(0, 0, 0, 0);\"><\/div><\/div><div class=\"fusion-text fusion-text-3\"><p><b>Indikationen Kleinkinder und Schulkinder<\/b><\/p>\n<ul>\n<li>Nachbehandlung nach Unf\u00e4llen oder schweren Krankheiten<\/li>\n<li>h\u00e4ufige Ohrenentz\u00fcndungen<\/li>\n<li>Schielen<\/li>\n<li>Kopfschmerzen, R\u00fcckenschmerzen<\/li>\n<li>\u00c4ngste, autistisches Verhalten<\/li>\n<li>ADS\/ADHS (Aufmerksamkeit-Defizit-Syndrom\/mit Hyperaktivit\u00e4t)<\/li>\n<li>Schulprobleme<\/li>\n<li>Begleitbehandlung bei Zahn- und Kieferregulation<\/li>\n<li>posttraumatische Belastungsst\u00f6rungen<\/li>\n<\/ul>\n<\/div><\/div><style type=\"text\/css\">.fusion-body .fusion-builder-column-0{width:66.666666666667% !important;margin-top : 20px;margin-bottom : 20px;}.fusion-builder-column-0 > .fusion-column-wrapper {padding-top : 0px !important;padding-right : 0px !important;margin-right : 2.88%;padding-bottom : 0px !important;padding-left : 0px !important;margin-left : 2.88%;}@media only screen and (max-width:1050px) {.fusion-body .fusion-builder-column-0{width:100% !important;order : 0;}.fusion-builder-column-0 > .fusion-column-wrapper {margin-right : 1.92%;margin-left : 1.92%;}}@media only screen and (max-width:640px) {.fusion-body .fusion-builder-column-0{width:100% !important;order : 0;}.fusion-builder-column-0 > .fusion-column-wrapper {margin-right : 1.92%;margin-left : 1.92%;}}<\/style><\/div><div class=\"fusion-layout-column fusion_builder_column fusion-builder-column-1 fusion_builder_column_1_3 1_3 fusion-flex-column\"><div class=\"fusion-column-wrapper fusion-flex-justify-content-flex-start fusion-content-layout-column\" style=\"background-position:left top;background-repeat:no-repeat;-webkit-background-size:cover;-moz-background-size:cover;-o-background-size:cover;background-size:cover;padding: 0px 0px 0px 0px;\"><div style=\"text-align:left;\"><style>.fusion-imageframe.imageframe-1{ margin-bottom : 10px;}<\/style><span class=\" fusion-imageframe imageframe-dropshadow imageframe-1 hover-type-none\" style=\"border-radius:5px;-webkit-box-shadow: 5px 5px 9px rgba(0,0,0,0.3);box-shadow: 5px 5px 9px rgba(0,0,0,0.3);\"><img width=\"880\" height=\"1024\" title=\"baby\" src=\"https:\/\/gesundheitspraxis-zurbuchen.ch\/wp-content\/uploads\/2020\/09\/baby-880x1024.png\" alt class=\"img-responsive wp-image-1299\" srcset=\"https:\/\/gesundheitspraxis-zurbuchen.ch\/wp-content\/uploads\/2020\/09\/baby-200x233.png 200w, https:\/\/gesundheitspraxis-zurbuchen.ch\/wp-content\/uploads\/2020\/09\/baby-400x465.png 400w, https:\/\/gesundheitspraxis-zurbuchen.ch\/wp-content\/uploads\/2020\/09\/baby-600x698.png 600w, https:\/\/gesundheitspraxis-zurbuchen.ch\/wp-content\/uploads\/2020\/09\/baby-800x931.png 800w, https:\/\/gesundheitspraxis-zurbuchen.ch\/wp-content\/uploads\/2020\/09\/baby-1200x1396.png 1200w\" sizes=\"(max-width: 1050px) 100vw, (max-width: 640px) 100vw, 400px\" \/><\/span><\/div><style type=\"text\/css\">#accordion-1294-1 .fusion-panel:hover{ border-color: #b9afa1 } #accordion-1294-1 .fusion-panel { border-color:#b9afa1; }.fusion-accordian  #accordion-1294-1 .panel-title a .fa-fusion-box{ color: #ffffff;}.fusion-accordian  #accordion-1294-1 .panel-title a .fa-fusion-box:before{ font-size: 13px; width: 13px;}.fusion-accordian  #accordion-1294-1 .panel-title a{font-size:26px;color:#b9afa1;font-family:\"Libre Baskerville\";font-weight:400;}.fusion-accordian  #accordion-1294-1 .toggle-content{font-size:18px;color:#747474;font-family:\"Laila\";font-weight:400;}.fusion-accordian  #accordion-1294-1 .fa-fusion-box { background-color: #5576b4;border-color: #5576b4;}.fusion-accordian  #accordion-1294-1 .panel-title a:not(.active):hover, #accordion-1294-1 .fusion-toggle-boxed-mode:hover .panel-title a { color: #cacfe7;}.fusion-accordian  #accordion-1294-1 .panel-title .active .fa-fusion-box,.fusion-accordian  #accordion-1294-1 .panel-title a:not(.active):hover .fa-fusion-box { background-color: #cacfe7!important;border-color: #cacfe7!important;}<\/style><div class=\"accordian fusion-accordian\"><div class=\"panel-group\" id=\"accordion-1294-1\"><style type=\"text\/css\">.fusion-accordian  #accordion-1294-1 .panel-0759c0c69f66ccb52 .panel-title a{}.fusion-accordian  #accordion-1294-1 .panel-0759c0c69f66ccb52 .toggle-content{}<\/style><div class=\"fusion-panel panel-default panel-0759c0c69f66ccb52 fusion-toggle-no-divider\"><div class=\"panel-heading\"><h4 class=\"panel-title toggle\"><a aria-expanded=\"false\" aria-controls=\"0759c0c69f66ccb52\" role=\"button\" data-toggle=\"collapse\" data-parent=\"#accordion-1294-1\" data-target=\"#0759c0c69f66ccb52\" href=\"#0759c0c69f66ccb52\"><span class=\"fusion-toggle-icon-wrapper\" aria-hidden=\"true\"><i class=\"fa-fusion-box active-icon awb-icon-plus\" aria-hidden=\"true\"><\/i><i class=\"fa-fusion-box inactive-icon awb-icon-minus\" aria-hidden=\"true\"><\/i><\/span><span class=\"fusion-toggle-heading\">Preise<\/span><\/a><\/h4><\/div><div id=\"0759c0c69f66ccb52\" class=\"panel-collapse collapse \"><div class=\"panel-body toggle-content fusion-clearfix\">\n<p><b>Babybehandlung<br \/><\/b><span style=\"background-color: rgba(255, 255, 255, 0); color: var(--body_typography-color); font-family: var(--body_typography-font-family); font-size: var(--body_typography-font-size); font-style: var(--body_typography-font-style,normal); font-weight: var(--body_typography-font-weight); letter-spacing: var(--body_typography-letter-spacing);\">30 Minuten \/ Fr. 60.-<br \/><\/span><span style=\"background-color: rgba(255, 255, 255, 0); color: var(--body_typography-color); font-family: var(--body_typography-font-family); font-size: var(--body_typography-font-size); font-style: var(--body_typography-font-style,normal); font-weight: var(--body_typography-font-weight); letter-spacing: var(--body_typography-letter-spacing);\"><br \/><b>Kinderbehandlung<\/b><br \/>60 Minuten \/ Fr. 120.-<\/span><\/p>\n<\/div><\/div><\/div><\/div><\/div><div class=\"fusion-separator fusion-full-width-sep\" style=\"align-self: center;margin-left: auto;margin-right: auto;margin-top:10px;margin-bottom:30px;width:100%;\"><div class=\"fusion-separator-border sep-shadow\" style=\"background:radial-gradient(ellipse at 50% -50% , #b9afa1 0px, rgba(255, 255, 255, 0) 80%) repeat scroll 0 0 rgba(0, 0, 0, 0);background:-webkit-radial-gradient(ellipse at 50% -50% , #b9afa1 0px, rgba(255, 255, 255, 0) 80%) repeat scroll 0 0 rgba(0, 0, 0, 0);background:-moz-radial-gradient(ellipse at 50% -50% , #b9afa1 0px, rgba(255, 255, 255, 0) 80%) repeat scroll 0 0 rgba(0, 0, 0, 0);background:-o-radial-gradient(ellipse at 50% -50% , #b9afa1 0px, rgba(255, 255, 255, 0) 80%) repeat scroll 0 0 rgba(0, 0, 0, 0);\"><\/div><\/div><div class=\"fusion-text fusion-text-4\"><p>EMR-Krankenkassen anerkannt. Kl\u00e4ren Sie ab, ob Ihre Krankenkasse die Behandlung \u00fcbernimmt.<\/p>\n<\/div><\/div><style type=\"text\/css\">.fusion-body .fusion-builder-column-1{width:33.333333333333% !important;margin-top : 20px;margin-bottom : 20px;}.fusion-builder-column-1 > .fusion-column-wrapper {padding-top : 0px !important;padding-right : 0px !important;margin-right : 5.76%;padding-bottom : 0px !important;padding-left : 0px !important;margin-left : 5.76%;}@media only screen and (max-width:1050px) {.fusion-body .fusion-builder-column-1{width:100% !important;order : 0;}.fusion-builder-column-1 > .fusion-column-wrapper {margin-right : 1.92%;margin-left : 1.92%;}}@media only screen and (max-width:640px) {.fusion-body .fusion-builder-column-1{width:100% !important;order : 0;}.fusion-builder-column-1 > .fusion-column-wrapper {margin-right : 1.92%;margin-left : 1.92%;}}<\/style><\/div><\/div><style type=\"text\/css\">.fusion-body .fusion-flex-container.fusion-builder-row-1{ padding-top : 0px;margin-top : 0px;padding-right : 0px;padding-bottom : 0px;margin-bottom : 0px;padding-left : 0px;}<\/style><\/div>\n","protected":false},"excerpt":{"rendered":"","protected":false},"author":1,"featured_media":0,"parent":1128,"menu_order":0,"comment_status":"closed","ping_status":"closed","template":"","meta":[],"_links":{"self":[{"href":"https:\/\/gesundheitspraxis-zurbuchen.ch\/index.php\/wp-json\/wp\/v2\/pages\/1294"}],"collection":[{"href":"https:\/\/gesundheitspraxis-zurbuchen.ch\/index.php\/wp-json\/wp\/v2\/pages"}],"about":[{"href":"https:\/\/gesundheitspraxis-zurbuchen.ch\/index.php\/wp-json\/wp\/v2\/types\/page"}],"author":[{"embeddable":true,"href":"https:\/\/gesundheitspraxis-zurbuchen.ch\/index.php\/wp-json\/wp\/v2\/users\/1"}],"replies":[{"embeddable":true,"href":"https:\/\/gesundheitspraxis-zurbuchen.ch\/index.php\/wp-json\/wp\/v2\/comments?post=1294"}],"version-history":[{"count":4,"href":"https:\/\/gesundheitspraxis-zurbuchen.ch\/index.php\/wp-json\/wp\/v2\/pages\/1294\/revisions"}],"predecessor-version":[{"id":1307,"href":"https:\/\/gesundheitspraxis-zurbuchen.ch\/index.php\/wp-json\/wp\/v2\/pages\/1294\/revisions\/1307"}],"up":[{"embeddable":true,"href":"https:\/\/gesundheitspraxis-zurbuchen.ch\/index.php\/wp-json\/wp\/v2\/pages\/1128"}],"wp:attachment":[{"href":"https:\/\/gesundheitspraxis-zurbuchen.ch\/index.php\/wp-json\/wp\/v2\/media?parent=1294"}],"curies":[{"name":"wp","href":"https:\/\/api.w.org\/{rel}","templated":true}]}}